{"id":935,"date":"2026-01-23T09:19:39","date_gmt":"2026-01-23T08:19:39","guid":{"rendered":"https:\/\/imovane247.com\/?page_id=935"},"modified":"2026-01-29T11:39:13","modified_gmt":"2026-01-29T10:39:13","slug":"frakt","status":"publish","type":"page","link":"https:\/\/imovane247.com\/?page_id=935","title":{"rendered":"Frakt &amp; leverans"},"content":{"rendered":"\n<h3 class=\"wp-block-heading\">S\u00e5 fungerar leveransen<\/h3>\n\n\n\n<p>Vi g\u00f6r alltid v\u00e5rt b\u00e4sta f\u00f6r att alla best\u00e4llningar ska skickas snabbt, diskret och utan on\u00f6digt strul.<\/p>\n\n\n\n<h3 class=\"wp-block-heading\">Viktig information<\/h3>\n\n\n\n<p>Om n\u00e5got ov\u00e4ntat skulle intr\u00e4ffa under leveransen finns det n\u00e5gra saker som \u00e4r bra att k\u00e4nna till.<\/p>\n\n\n\n<p>F\u00f6r att vi ska kunna ta ett \u00e4rende vidare beh\u00f6ver vi en tydlig bild p\u00e5 skriftlig information eller beslut som mottagits. Utan s\u00e5dan dokumentation kan vi inte p\u00e5b\u00f6rja n\u00e5gon genomg\u00e5ng. Muntlig information eller p\u00e5st\u00e5enden utan underlag r\u00e4cker inte.<\/p>\n\n\n\n<h3 class=\"wp-block-heading\">Ansvar<\/h3>\n\n\n\n<p>Vi ansvarar f\u00f6r f\u00f6rs\u00e4ndelsen fram till dess att paketet l\u00e4mnar oss. Efter det ligger sj\u00e4lva transporten utanf\u00f6r v\u00e5r kontroll. Om korrekt dokumentation skickas in g\u00e5r vi igenom \u00e4rendet och avg\u00f6r vad som kan g\u00f6ras.<\/p>\n\n\n\n<p>Vi vill hj\u00e4lpa, men beh\u00f6ver r\u00e4tt underlag f\u00f6r att kunna agera.<\/p>\n","protected":false},"excerpt":{"rendered":"<p>S\u00e5 fungerar leveransen Vi g\u00f6r alltid v\u00e5rt b\u00e4sta f\u00f6r att alla best\u00e4llningar ska skickas snabbt, diskret och utan on\u00f6digt strul. Viktig information Om n\u00e5got ov\u00e4ntat skulle intr\u00e4ffa under leveransen finns det n\u00e5gra saker som \u00e4r bra att k\u00e4nna till. F\u00f6r att vi ska kunna ta ett \u00e4rende vidare beh\u00f6ver vi en tydlig bild p\u00e5 skriftlig [&hellip;]<\/p>\n","protected":false},"author":1,"featured_media":0,"parent":0,"menu_order":0,"comment_status":"closed","ping_status":"closed","template":"","meta":{"footnotes":""},"class_list":["post-935","page","type-page","status-publish","hentry"],"blocksy_meta":[],"_links":{"self":[{"href":"https:\/\/imovane247.com\/index.php?rest_route=\/wp\/v2\/pages\/935","targetHints":{"allow":["GET"]}}],"collection":[{"href":"https:\/\/imovane247.com\/index.php?rest_route=\/wp\/v2\/pages"}],"about":[{"href":"https:\/\/imovane247.com\/index.php?rest_route=\/wp\/v2\/types\/page"}],"author":[{"embeddable":true,"href":"https:\/\/imovane247.com\/index.php?rest_route=\/wp\/v2\/users\/1"}],"replies":[{"embeddable":true,"href":"https:\/\/imovane247.com\/index.php?rest_route=%2Fwp%2Fv2%2Fcomments&post=935"}],"version-history":[{"count":6,"href":"https:\/\/imovane247.com\/index.php?rest_route=\/wp\/v2\/pages\/935\/revisions"}],"predecessor-version":[{"id":1278,"href":"https:\/\/imovane247.com\/index.php?rest_route=\/wp\/v2\/pages\/935\/revisions\/1278"}],"wp:attachment":[{"href":"https:\/\/imovane247.com\/index.php?rest_route=%2Fwp%2Fv2%2Fmedia&parent=935"}],"curies":[{"name":"wp","href":"https:\/\/api.w.org\/{rel}","templated":true}]}}