{"id":589,"date":"2021-04-14T11:22:34","date_gmt":"2021-04-14T11:22:34","guid":{"rendered":"https:\/\/startersites.io\/blocksy\/homi\/?post_type=product&#038;p=589"},"modified":"2026-01-28T15:26:13","modified_gmt":"2026-01-28T14:26:13","slug":"modern-sofa","status":"publish","type":"product","link":"https:\/\/imovane247.com\/?product=modern-sofa","title":{"rendered":"ZOPISCIN (ZOPICLONE 7,5 mg tabletter)"},"content":{"rendered":"","protected":false},"excerpt":{"rendered":"<p data-start=\"5\" data-end=\"45\"><strong data-start=\"5\" data-end=\"45\">Zopiscin 7,5 mg tabletter (zopiclone)<\/strong><\/p>\n<p data-start=\"47\" data-end=\"76\"><strong data-start=\"47\" data-end=\"66\">L\u00e4kemedelsform:<\/strong><br data-start=\"66\" data-end=\"69\" \/>Tablett<\/p>\n<p data-start=\"78\" data-end=\"115\"><strong data-start=\"78\" data-end=\"97\">Aktiv substans:<\/strong><br data-start=\"97\" data-end=\"100\" \/>Zopiclone 7,5 mg<\/p>\n<p data-start=\"117\" data-end=\"175\"><strong data-start=\"117\" data-end=\"132\">Indikation:<\/strong><br data-start=\"132\" data-end=\"135\" \/>Korttidsbehandling av insomni hos vuxna.<\/p>\n<p data-start=\"177\" data-end=\"297\"><strong data-start=\"177\" data-end=\"196\">Farmakodynamik:<\/strong><br data-start=\"196\" data-end=\"199\" \/>Zopiclone \u00e4r ett hypnotikum som underl\u00e4ttar insomnandet och bidrar till f\u00f6rb\u00e4ttrad s\u00f6mnkontinuitet.<\/p>\n<p data-start=\"299\" data-end=\"366\"><strong data-start=\"299\" data-end=\"318\">Administrering:<\/strong><br data-start=\"318\" data-end=\"321\" \/>Peroral administrering strax f\u00f6re s\u00e4ngg\u00e5ende.<\/p>\n","protected":false},"featured_media":800,"comment_status":"open","ping_status":"closed","template":"","meta":[],"product_brand":[],"product_cat":[15],"product_tag":[],"class_list":{"0":"post-589","1":"product","2":"type-product","3":"status-publish","4":"has-post-thumbnail","6":"product_cat-okategoriserad","8":"first","9":"instock","10":"shipping-taxable","11":"purchasable","12":"product-type-variable"},"_links":{"self":[{"href":"https:\/\/imovane247.com\/index.php?rest_route=\/wp\/v2\/product\/589","targetHints":{"allow":["GET"]}}],"collection":[{"href":"https:\/\/imovane247.com\/index.php?rest_route=\/wp\/v2\/product"}],"about":[{"href":"https:\/\/imovane247.com\/index.php?rest_route=\/wp\/v2\/types\/product"}],"replies":[{"embeddable":true,"href":"https:\/\/imovane247.com\/index.php?rest_route=%2Fwp%2Fv2%2Fcomments&post=589"}],"wp:featuredmedia":[{"embeddable":true,"href":"https:\/\/imovane247.com\/index.php?rest_route=\/wp\/v2\/media\/800"}],"wp:attachment":[{"href":"https:\/\/imovane247.com\/index.php?rest_route=%2Fwp%2Fv2%2Fmedia&parent=589"}],"wp:term":[{"taxonomy":"product_brand","embeddable":true,"href":"https:\/\/imovane247.com\/index.php?rest_route=%2Fwp%2Fv2%2Fproduct_brand&post=589"},{"taxonomy":"product_cat","embeddable":true,"href":"https:\/\/imovane247.com\/index.php?rest_route=%2Fwp%2Fv2%2Fproduct_cat&post=589"},{"taxonomy":"product_tag","embeddable":true,"href":"https:\/\/imovane247.com\/index.php?rest_route=%2Fwp%2Fv2%2Fproduct_tag&post=589"}],"curies":[{"name":"wp","href":"https:\/\/api.w.org\/{rel}","templated":true}]}}