{"id":593,"date":"2021-04-14T11:25:10","date_gmt":"2021-04-14T11:25:10","guid":{"rendered":"https:\/\/startersites.io\/blocksy\/homi\/?post_type=product&#038;p=593"},"modified":"2026-01-28T21:51:05","modified_gmt":"2026-01-28T20:51:05","slug":"tallest-chair","status":"publish","type":"product","link":"https:\/\/imovane247.com\/?product=tallest-chair","title":{"rendered":"ZOPICLODURA (ZOPICLON 7.5 mg tabletter)"},"content":{"rendered":"","protected":false},"excerpt":{"rendered":"<p data-start=\"170\" data-end=\"210\"><strong data-start=\"170\" data-end=\"210\">Zopiclon &#8211; Zopiclodura 7.5 mg (Zopiclon)<\/strong><\/p>\n<p data-start=\"212\" data-end=\"241\"><strong data-start=\"212\" data-end=\"231\">L\u00e4kemedelsform:<\/strong><br data-start=\"231\" data-end=\"234\" \/>Tablett<\/p>\n<p data-start=\"243\" data-end=\"292\"><strong data-start=\"243\" data-end=\"262\">Aktiv substans:<\/strong><br data-start=\"262\" data-end=\"265\" \/>Zopiclon 7.5\u00a0mg per tablett<\/p>\n<p data-start=\"294\" data-end=\"378\"><strong data-start=\"294\" data-end=\"309\">Indikation:<\/strong><br data-start=\"309\" data-end=\"312\" \/>Zopiclon \u00e4r indicerat f\u00f6r korttidsbehandling av insomni hos vuxna.<\/p>\n<p data-start=\"380\" data-end=\"495\"><strong data-start=\"380\" data-end=\"405\">Farmakologisk effekt:<\/strong><br data-start=\"405\" data-end=\"408\" \/>Zopiclon \u2013 Zopiclodura \u00e4r ett hypnotikum som underl\u00e4ttar insomnandet och bidrar till bibeh\u00e5llen s\u00f6mn.<\/p>\n<p data-start=\"497\" data-end=\"582\"><strong data-start=\"497\" data-end=\"522\">Effektens ins\u00e4ttande:<\/strong><br data-start=\"522\" data-end=\"525\" \/>Insomning sker vanligtvis inom 30\u201360 minuter efter intag.<\/p>\n<p data-start=\"584\" data-end=\"636\"><strong data-start=\"584\" data-end=\"603\">Effektduration:<\/strong><br data-start=\"603\" data-end=\"606\" \/>S\u00f6mneffekt i cirka 6\u20138 timmar.<\/p>\n<p data-start=\"638\" data-end=\"695\"><strong data-start=\"638\" data-end=\"657\">Administrering:<\/strong><br data-start=\"657\" data-end=\"660\" \/>Tas peroralt strax f\u00f6re s\u00e4ngg\u00e5ende.<\/p>\n","protected":false},"featured_media":792,"comment_status":"open","ping_status":"closed","template":"","meta":[],"product_brand":[],"product_cat":[15],"product_tag":[],"class_list":{"0":"post-593","1":"product","2":"type-product","3":"status-publish","4":"has-post-thumbnail","6":"product_cat-okategoriserad","8":"first","9":"instock","10":"shipping-taxable","11":"purchasable","12":"product-type-variable"},"_links":{"self":[{"href":"https:\/\/imovane247.com\/index.php?rest_route=\/wp\/v2\/product\/593","targetHints":{"allow":["GET"]}}],"collection":[{"href":"https:\/\/imovane247.com\/index.php?rest_route=\/wp\/v2\/product"}],"about":[{"href":"https:\/\/imovane247.com\/index.php?rest_route=\/wp\/v2\/types\/product"}],"replies":[{"embeddable":true,"href":"https:\/\/imovane247.com\/index.php?rest_route=%2Fwp%2Fv2%2Fcomments&post=593"}],"wp:featuredmedia":[{"embeddable":true,"href":"https:\/\/imovane247.com\/index.php?rest_route=\/wp\/v2\/media\/792"}],"wp:attachment":[{"href":"https:\/\/imovane247.com\/index.php?rest_route=%2Fwp%2Fv2%2Fmedia&parent=593"}],"wp:term":[{"taxonomy":"product_brand","embeddable":true,"href":"https:\/\/imovane247.com\/index.php?rest_route=%2Fwp%2Fv2%2Fproduct_brand&post=593"},{"taxonomy":"product_cat","embeddable":true,"href":"https:\/\/imovane247.com\/index.php?rest_route=%2Fwp%2Fv2%2Fproduct_cat&post=593"},{"taxonomy":"product_tag","embeddable":true,"href":"https:\/\/imovane247.com\/index.php?rest_route=%2Fwp%2Fv2%2Fproduct_tag&post=593"}],"curies":[{"name":"wp","href":"https:\/\/api.w.org\/{rel}","templated":true}]}}