{"id":596,"date":"2021-04-14T11:49:26","date_gmt":"2021-04-14T11:49:26","guid":{"rendered":"https:\/\/startersites.io\/blocksy\/homi\/?post_type=product&#038;p=596"},"modified":"2026-01-28T22:12:24","modified_gmt":"2026-01-28T21:12:24","slug":"coffee-table","status":"publish","type":"product","link":"https:\/\/imovane247.com\/?product=coffee-table","title":{"rendered":"TEVA (ZOPICLONE 7.5 mg tabletter)"},"content":{"rendered":"","protected":false},"excerpt":{"rendered":"<p data-start=\"118\" data-end=\"156\"><strong data-start=\"118\" data-end=\"156\">Teva 7.5 mg tabletter (zopiclone)<\/strong><\/p>\n<p data-start=\"158\" data-end=\"187\"><strong data-start=\"158\" data-end=\"177\">L\u00e4kemedelsform:<\/strong><br data-start=\"177\" data-end=\"180\" \/>Tablett<\/p>\n<p data-start=\"189\" data-end=\"237\"><strong data-start=\"189\" data-end=\"208\">Aktiv substans:<\/strong><br data-start=\"208\" data-end=\"211\" \/>Zopiclone 7.5 mg per tablett<\/p>\n<p data-start=\"239\" data-end=\"322\"><strong data-start=\"239\" data-end=\"254\">Indikation:<\/strong><br data-start=\"254\" data-end=\"257\" \/>Zopiclone \u00e4r indicerat f\u00f6r korttidsbehandling av insomni hos vuxna.<\/p>\n<p data-start=\"324\" data-end=\"450\"><strong data-start=\"324\" data-end=\"349\">Farmakologisk effekt:<\/strong><br data-start=\"349\" data-end=\"352\" \/>Zopiclone \u00e4r ett hypnotikum som underl\u00e4ttar insomnandet och bidrar till f\u00f6rb\u00e4ttrad s\u00f6mnkontinuitet.<\/p>\n<p data-start=\"452\" data-end=\"538\"><strong data-start=\"452\" data-end=\"477\">Effektens ins\u00e4ttande:<\/strong><br data-start=\"477\" data-end=\"480\" \/>S\u00f6mneffekt upptr\u00e4der vanligtvis inom kort tid efter intag.<\/p>\n<p data-start=\"540\" data-end=\"601\"><strong data-start=\"540\" data-end=\"559\">Effektduration:<\/strong><br data-start=\"559\" data-end=\"562\" \/>S\u00f6mneffekt kvarst\u00e5r under flera timmar.<\/p>\n<p data-start=\"603\" data-end=\"660\"><strong data-start=\"603\" data-end=\"622\">Administrering:<\/strong><br data-start=\"622\" data-end=\"625\" \/>Tas peroralt strax f\u00f6re s\u00e4ngg\u00e5ende.<\/p>\n","protected":false},"featured_media":795,"comment_status":"open","ping_status":"closed","template":"","meta":[],"product_brand":[],"product_cat":[15],"product_tag":[],"class_list":{"0":"post-596","1":"product","2":"type-product","3":"status-publish","4":"has-post-thumbnail","6":"product_cat-okategoriserad","8":"first","9":"instock","10":"shipping-taxable","11":"purchasable","12":"product-type-variable"},"_links":{"self":[{"href":"https:\/\/imovane247.com\/index.php?rest_route=\/wp\/v2\/product\/596","targetHints":{"allow":["GET"]}}],"collection":[{"href":"https:\/\/imovane247.com\/index.php?rest_route=\/wp\/v2\/product"}],"about":[{"href":"https:\/\/imovane247.com\/index.php?rest_route=\/wp\/v2\/types\/product"}],"replies":[{"embeddable":true,"href":"https:\/\/imovane247.com\/index.php?rest_route=%2Fwp%2Fv2%2Fcomments&post=596"}],"wp:featuredmedia":[{"embeddable":true,"href":"https:\/\/imovane247.com\/index.php?rest_route=\/wp\/v2\/media\/795"}],"wp:attachment":[{"href":"https:\/\/imovane247.com\/index.php?rest_route=%2Fwp%2Fv2%2Fmedia&parent=596"}],"wp:term":[{"taxonomy":"product_brand","embeddable":true,"href":"https:\/\/imovane247.com\/index.php?rest_route=%2Fwp%2Fv2%2Fproduct_brand&post=596"},{"taxonomy":"product_cat","embeddable":true,"href":"https:\/\/imovane247.com\/index.php?rest_route=%2Fwp%2Fv2%2Fproduct_cat&post=596"},{"taxonomy":"product_tag","embeddable":true,"href":"https:\/\/imovane247.com\/index.php?rest_route=%2Fwp%2Fv2%2Fproduct_tag&post=596"}],"curies":[{"name":"wp","href":"https:\/\/api.w.org\/{rel}","templated":true}]}}