{"id":910,"date":"2026-01-22T18:46:04","date_gmt":"2026-01-22T17:46:04","guid":{"rendered":"https:\/\/imovane247.com\/?post_type=product&#038;p=910"},"modified":"2026-01-29T11:45:54","modified_gmt":"2026-01-29T10:45:54","slug":"imovane14","status":"publish","type":"product","link":"https:\/\/imovane247.com\/?product=imovane14","title":{"rendered":"ZOPIRISE &#8211; 10 (ZOPICLONE 10 mg tabletter)"},"content":{"rendered":"","protected":false},"excerpt":{"rendered":"<p data-start=\"120\" data-end=\"155\"><strong data-start=\"120\" data-end=\"155\">Zopirise 10 mg tabletter (zopiclone)<\/strong><\/p>\n<p data-start=\"157\" data-end=\"186\"><strong data-start=\"157\" data-end=\"176\">L\u00e4kemedelsform:<\/strong><br data-start=\"176\" data-end=\"179\" \/>Tablett<\/p>\n<p data-start=\"188\" data-end=\"237\"><strong data-start=\"188\" data-end=\"207\">Aktiv substans:<\/strong><br data-start=\"207\" data-end=\"210\" \/>Zopiclone 10 mg per tablett<\/p>\n<p data-start=\"239\" data-end=\"268\"><strong data-start=\"239\" data-end=\"255\">Tillverkare:<\/strong><br data-start=\"255\" data-end=\"258\" \/>Zopirise<\/p>\n<p data-start=\"270\" data-end=\"349\"><strong data-start=\"270\" data-end=\"285\">Indikation:<\/strong><br data-start=\"285\" data-end=\"288\" \/>Zopiclone \u00e4r indicerat f\u00f6r korttidsbehandling av insomni hos vuxna.<\/p>\n<p data-start=\"351\" data-end=\"501\"><strong data-start=\"351\" data-end=\"376\">Farmakologisk effekt:<\/strong><br data-start=\"376\" data-end=\"379\" \/>Zopiclone \u00e4r ett hypnotikum som verkar genom att underl\u00e4tta insomnandet samt f\u00f6rb\u00e4ttra s\u00f6mnens varaktighet och kontinuitet.<\/p>\n<p data-start=\"503\" data-end=\"592\"><strong data-start=\"503\" data-end=\"528\">Effektens ins\u00e4ttande:<\/strong><br data-start=\"528\" data-end=\"531\" \/>Insomning sker vanligtvis inom kort tid efter administrering.<\/p>\n<p data-start=\"594\" data-end=\"651\"><strong data-start=\"594\" data-end=\"613\">Administrering:<\/strong><br data-start=\"613\" data-end=\"616\" \/>Tas peroralt strax f\u00f6re s\u00e4ngg\u00e5ende.<\/p>\n","protected":false},"featured_media":1279,"comment_status":"open","ping_status":"closed","template":"","meta":[],"product_brand":[],"product_cat":[15],"product_tag":[],"class_list":{"0":"post-910","1":"product","2":"type-product","3":"status-publish","4":"has-post-thumbnail","6":"product_cat-okategoriserad","8":"first","9":"instock","10":"shipping-taxable","11":"purchasable","12":"product-type-variable"},"_links":{"self":[{"href":"https:\/\/imovane247.com\/index.php?rest_route=\/wp\/v2\/product\/910","targetHints":{"allow":["GET"]}}],"collection":[{"href":"https:\/\/imovane247.com\/index.php?rest_route=\/wp\/v2\/product"}],"about":[{"href":"https:\/\/imovane247.com\/index.php?rest_route=\/wp\/v2\/types\/product"}],"replies":[{"embeddable":true,"href":"https:\/\/imovane247.com\/index.php?rest_route=%2Fwp%2Fv2%2Fcomments&post=910"}],"wp:featuredmedia":[{"embeddable":true,"href":"https:\/\/imovane247.com\/index.php?rest_route=\/wp\/v2\/media\/1279"}],"wp:attachment":[{"href":"https:\/\/imovane247.com\/index.php?rest_route=%2Fwp%2Fv2%2Fmedia&parent=910"}],"wp:term":[{"taxonomy":"product_brand","embeddable":true,"href":"https:\/\/imovane247.com\/index.php?rest_route=%2Fwp%2Fv2%2Fproduct_brand&post=910"},{"taxonomy":"product_cat","embeddable":true,"href":"https:\/\/imovane247.com\/index.php?rest_route=%2Fwp%2Fv2%2Fproduct_cat&post=910"},{"taxonomy":"product_tag","embeddable":true,"href":"https:\/\/imovane247.com\/index.php?rest_route=%2Fwp%2Fv2%2Fproduct_tag&post=910"}],"curies":[{"name":"wp","href":"https:\/\/api.w.org\/{rel}","templated":true}]}}